{"id":1934,"date":"2019-07-09T19:06:09","date_gmt":"2019-07-09T17:06:09","guid":{"rendered":"https:\/\/emmaccorporation.com\/fr\/?page_id=1934"},"modified":"2019-07-09T19:06:09","modified_gmt":"2019-07-09T17:06:09","slug":"our-services","status":"publish","type":"page","link":"https:\/\/emmaccorporation.com\/fr\/our-services\/","title":{"rendered":"OUR SERVICES"},"content":{"rendered":"","protected":false},"excerpt":{"rendered":"","protected":false},"author":1,"featured_media":0,"parent":0,"menu_order":0,"comment_status":"closed","ping_status":"closed","template":"","meta":{"footnotes":""},"class_list":["post-1934","page","type-page","status-publish","hentry"],"yoast_head":"<!-- This site is optimized with the Yoast SEO Premium plugin v27.1 (Yoast SEO v27.3) - https:\/\/yoast.com\/product\/yoast-seo-premium-wordpress\/ -->\n<title>OUR SERVICES - Emmac Corporation<\/title>\n<meta name=\"robots\" content=\"index, follow, max-snippet:-1, max-image-preview:large, max-video-preview:-1\" \/>\n<link rel=\"canonical\" href=\"https:\/\/emmaccorporation.com\/fr\/our-services\/\" \/>\n<meta property=\"og:locale\" content=\"fr_FR\" \/>\n<meta property=\"og:type\" content=\"article\" \/>\n<meta property=\"og:title\" content=\"OUR SERVICES\" \/>\n<meta property=\"og:url\" content=\"https:\/\/emmaccorporation.com\/fr\/our-services\/\" \/>\n<meta property=\"og:site_name\" content=\"Emmac Corporation\" \/>\n<meta property=\"article:publisher\" content=\"https:\/\/www.facebook.com\/EMMACCorporation\" \/>\n<meta property=\"og:image\" content=\"https:\/\/emmaccorporation.com\/fr\/wp-content\/uploads\/2019\/09\/cropped-emmac_logo.jpg\" \/>\n\t<meta property=\"og:image:width\" content=\"512\" \/>\n\t<meta property=\"og:image:height\" content=\"512\" \/>\n\t<meta property=\"og:image:type\" content=\"image\/jpeg\" \/>\n<meta name=\"twitter:card\" content=\"summary_large_image\" \/>\n<meta name=\"twitter:site\" content=\"@emmaccorporati2\" \/>\n<script type=\"application\/ld+json\" class=\"yoast-schema-graph\">{\"@context\":\"https:\\\/\\\/schema.org\",\"@graph\":[{\"@type\":\"WebPage\",\"@id\":\"https:\\\/\\\/emmaccorporation.com\\\/fr\\\/our-services\\\/\",\"url\":\"https:\\\/\\\/emmaccorporation.com\\\/fr\\\/our-services\\\/\",\"name\":\"OUR SERVICES - Emmac Corporation\",\"isPartOf\":{\"@id\":\"https:\\\/\\\/emmaccorporation.com\\\/fr\\\/#website\"},\"datePublished\":\"2019-07-09T17:06:09+00:00\",\"breadcrumb\":{\"@id\":\"https:\\\/\\\/emmaccorporation.com\\\/fr\\\/our-services\\\/#breadcrumb\"},\"inLanguage\":\"fr-FR\",\"potentialAction\":[{\"@type\":\"ReadAction\",\"target\":[\"https:\\\/\\\/emmaccorporation.com\\\/fr\\\/our-services\\\/\"]}]},{\"@type\":\"BreadcrumbList\",\"@id\":\"https:\\\/\\\/emmaccorporation.com\\\/fr\\\/our-services\\\/#breadcrumb\",\"itemListElement\":[{\"@type\":\"ListItem\",\"position\":1,\"name\":\"Accueil\",\"item\":\"https:\\\/\\\/emmaccorporation.com\\\/fr\\\/\"},{\"@type\":\"ListItem\",\"position\":2,\"name\":\"OUR SERVICES\"}]},{\"@type\":\"WebSite\",\"@id\":\"https:\\\/\\\/emmaccorporation.com\\\/fr\\\/#website\",\"url\":\"https:\\\/\\\/emmaccorporation.com\\\/fr\\\/\",\"name\":\"Emmac Corporation\",\"description\":\"La cl\u00e9 de l&#039;excellence\",\"publisher\":{\"@id\":\"https:\\\/\\\/emmaccorporation.com\\\/fr\\\/#organization\"},\"alternateName\":\"emmac\",\"potentialAction\":[{\"@type\":\"SearchAction\",\"target\":{\"@type\":\"EntryPoint\",\"urlTemplate\":\"https:\\\/\\\/emmaccorporation.com\\\/fr\\\/?s={search_term_string}\"},\"query-input\":{\"@type\":\"PropertyValueSpecification\",\"valueRequired\":true,\"valueName\":\"search_term_string\"}}],\"inLanguage\":\"fr-FR\"},{\"@type\":\"Organization\",\"@id\":\"https:\\\/\\\/emmaccorporation.com\\\/fr\\\/#organization\",\"name\":\"EMMAC Corporation\",\"alternateName\":\"EMMAC\",\"url\":\"https:\\\/\\\/emmaccorporation.com\\\/fr\\\/\",\"logo\":{\"@type\":\"ImageObject\",\"inLanguage\":\"fr-FR\",\"@id\":\"https:\\\/\\\/emmaccorporation.com\\\/fr\\\/#\\\/schema\\\/logo\\\/image\\\/\",\"url\":\"https:\\\/\\\/emmaccorporation.com\\\/fr\\\/wp-content\\\/uploads\\\/2019\\\/09\\\/cropped-emmac_logo.jpg\",\"contentUrl\":\"https:\\\/\\\/emmaccorporation.com\\\/fr\\\/wp-content\\\/uploads\\\/2019\\\/09\\\/cropped-emmac_logo.jpg\",\"width\":512,\"height\":512,\"caption\":\"EMMAC Corporation\"},\"image\":{\"@id\":\"https:\\\/\\\/emmaccorporation.com\\\/fr\\\/#\\\/schema\\\/logo\\\/image\\\/\"},\"sameAs\":[\"https:\\\/\\\/www.facebook.com\\\/EMMACCorporation\",\"https:\\\/\\\/x.com\\\/emmaccorporati2\",\"https:\\\/\\\/www.instagram.com\\\/emmaccorporation\\\/\",\"https:\\\/\\\/www.linkedin.com\\\/company\\\/emmac-corporation\",\"https:\\\/\\\/www.youtube.com\\\/channel\\\/UC18a1uiY-9XzXOedwx622xw\"],\"description\":\"EMMAC Corporation est un cabinet panafricain de r\u00e9f\u00e9rence sp\u00e9cialis\u00e9 en Recrutement, Placement, Int\u00e9rim, Mise \u00e0 disposition, Formation et Gestion des Ressources Humaines...\",\"email\":\"infos@emmaccorporattion.com\",\"telephone\":\"00229 0196522323 - 00228 93545555 - 00225 0798212121\",\"legalName\":\"EMMAC CORPORATION\",\"foundingDate\":\"2015-07-31\"}]}<\/script>\n<!-- \/ Yoast SEO Premium plugin. -->","yoast_head_json":{"title":"OUR SERVICES - Emmac Corporation","robots":{"index":"index","follow":"follow","max-snippet":"max-snippet:-1","max-image-preview":"max-image-preview:large","max-video-preview":"max-video-preview:-1"},"canonical":"https:\/\/emmaccorporation.com\/fr\/our-services\/","og_locale":"fr_FR","og_type":"article","og_title":"OUR SERVICES","og_url":"https:\/\/emmaccorporation.com\/fr\/our-services\/","og_site_name":"Emmac Corporation","article_publisher":"https:\/\/www.facebook.com\/EMMACCorporation","og_image":[{"width":512,"height":512,"url":"https:\/\/emmaccorporation.com\/fr\/wp-content\/uploads\/2019\/09\/cropped-emmac_logo.jpg","type":"image\/jpeg"}],"twitter_card":"summary_large_image","twitter_site":"@emmaccorporati2","schema":{"@context":"https:\/\/schema.org","@graph":[{"@type":"WebPage","@id":"https:\/\/emmaccorporation.com\/fr\/our-services\/","url":"https:\/\/emmaccorporation.com\/fr\/our-services\/","name":"OUR SERVICES - Emmac Corporation","isPartOf":{"@id":"https:\/\/emmaccorporation.com\/fr\/#website"},"datePublished":"2019-07-09T17:06:09+00:00","breadcrumb":{"@id":"https:\/\/emmaccorporation.com\/fr\/our-services\/#breadcrumb"},"inLanguage":"fr-FR","potentialAction":[{"@type":"ReadAction","target":["https:\/\/emmaccorporation.com\/fr\/our-services\/"]}]},{"@type":"BreadcrumbList","@id":"https:\/\/emmaccorporation.com\/fr\/our-services\/#breadcrumb","itemListElement":[{"@type":"ListItem","position":1,"name":"Accueil","item":"https:\/\/emmaccorporation.com\/fr\/"},{"@type":"ListItem","position":2,"name":"OUR SERVICES"}]},{"@type":"WebSite","@id":"https:\/\/emmaccorporation.com\/fr\/#website","url":"https:\/\/emmaccorporation.com\/fr\/","name":"Emmac Corporation","description":"La cl\u00e9 de l&#039;excellence","publisher":{"@id":"https:\/\/emmaccorporation.com\/fr\/#organization"},"alternateName":"emmac","potentialAction":[{"@type":"SearchAction","target":{"@type":"EntryPoint","urlTemplate":"https:\/\/emmaccorporation.com\/fr\/?s={search_term_string}"},"query-input":{"@type":"PropertyValueSpecification","valueRequired":true,"valueName":"search_term_string"}}],"inLanguage":"fr-FR"},{"@type":"Organization","@id":"https:\/\/emmaccorporation.com\/fr\/#organization","name":"EMMAC Corporation","alternateName":"EMMAC","url":"https:\/\/emmaccorporation.com\/fr\/","logo":{"@type":"ImageObject","inLanguage":"fr-FR","@id":"https:\/\/emmaccorporation.com\/fr\/#\/schema\/logo\/image\/","url":"https:\/\/emmaccorporation.com\/fr\/wp-content\/uploads\/2019\/09\/cropped-emmac_logo.jpg","contentUrl":"https:\/\/emmaccorporation.com\/fr\/wp-content\/uploads\/2019\/09\/cropped-emmac_logo.jpg","width":512,"height":512,"caption":"EMMAC Corporation"},"image":{"@id":"https:\/\/emmaccorporation.com\/fr\/#\/schema\/logo\/image\/"},"sameAs":["https:\/\/www.facebook.com\/EMMACCorporation","https:\/\/x.com\/emmaccorporati2","https:\/\/www.instagram.com\/emmaccorporation\/","https:\/\/www.linkedin.com\/company\/emmac-corporation","https:\/\/www.youtube.com\/channel\/UC18a1uiY-9XzXOedwx622xw"],"description":"EMMAC Corporation est un cabinet panafricain de r\u00e9f\u00e9rence sp\u00e9cialis\u00e9 en Recrutement, Placement, Int\u00e9rim, Mise \u00e0 disposition, Formation et Gestion des Ressources Humaines...","email":"infos@emmaccorporattion.com","telephone":"00229 0196522323 - 00228 93545555 - 00225 0798212121","legalName":"EMMAC CORPORATION","foundingDate":"2015-07-31"}]}},"publishpress_future_action":{"enabled":false,"date":"2026-04-11 16:09:47","action":"change-status","newStatus":"draft","terms":[],"taxonomy":"","extraData":[]},"publishpress_future_workflow_manual_trigger":{"enabledWorkflows":[]},"_links":{"self":[{"href":"https:\/\/emmaccorporation.com\/fr\/wp-json\/wp\/v2\/pages\/1934","targetHints":{"allow":["GET"]}}],"collection":[{"href":"https:\/\/emmaccorporation.com\/fr\/wp-json\/wp\/v2\/pages"}],"about":[{"href":"https:\/\/emmaccorporation.com\/fr\/wp-json\/wp\/v2\/types\/page"}],"author":[{"embeddable":true,"href":"https:\/\/emmaccorporation.com\/fr\/wp-json\/wp\/v2\/users\/1"}],"replies":[{"embeddable":true,"href":"https:\/\/emmaccorporation.com\/fr\/wp-json\/wp\/v2\/comments?post=1934"}],"version-history":[{"count":1,"href":"https:\/\/emmaccorporation.com\/fr\/wp-json\/wp\/v2\/pages\/1934\/revisions"}],"predecessor-version":[{"id":1935,"href":"https:\/\/emmaccorporation.com\/fr\/wp-json\/wp\/v2\/pages\/1934\/revisions\/1935"}],"wp:attachment":[{"href":"https:\/\/emmaccorporation.com\/fr\/wp-json\/wp\/v2\/media?parent=1934"}],"curies":[{"name":"wp","href":"https:\/\/api.w.org\/{rel}","templated":true}]}}